{"id":1638,"date":"2023-04-10T21:11:41","date_gmt":"2023-04-10T21:11:41","guid":{"rendered":"https:\/\/benmavial.com\/?post_type=product&#038;p=1638"},"modified":"2023-04-11T14:14:55","modified_gmt":"2023-04-11T14:14:55","slug":"brillo-extremo-de-neumaticos-en-gel","status":"publish","type":"product","link":"https:\/\/benmavial.com\/en\/product\/brillo-extremo-de-neumaticos-en-gel\/","title":{"rendered":"Extreme Gel Tire Shine"},"content":{"rendered":"<h5 id=\"staticBackdropLabel\" class=\"ml-3 modal-title\">18 oz<\/h5>\n<div class=\"price-block\">Haga que el brillo negro profundo de sus llantas dure m\u00e1s. Con una f\u00f3rmula avanzada, este innovador gel est\u00e1 dise\u00f1ado para obtener resultados que duran semanas.<\/div>\n<div class=\"container\">\n<div class=\"row\">\n<div class=\"col-12\">\n<p>Como pioneros en el cuidado de llantas, desarrollamos Extreme Tire Shine Gel para que sea un limpiador incre\u00edblemente rico y poderoso que se adhiere a sus llantas, formando un escudo resistente y duradero. Est\u00e1 fortificado con silicona de alto peso molecular que preservar\u00e1 el brillo intenso y cautivador y el aspecto negro azabache de sus llantas por m\u00e1s tiempo. \u00a1No se trata solo de brillar! Los productos para llantas Armor All\u00ae tambi\u00e9n ayudan a prevenir la degradaci\u00f3n del ozono, que puede causar sequedad, agrietamiento y decoloraci\u00f3n.<\/p>\n<ul>\n<li>Brinda un brillo negro elegante y serio que dura semanas.<\/li>\n<li>Capas de gel ricas y duraderas para una apariencia suave y uniforme<\/li>\n<li>Fortificado con silicona de peso molecular<\/li>\n<li>Protege contra elementos da\u00f1inos que pueden causar grietas y desvanecimientos.<\/li>\n<\/ul>\n<\/div>\n<\/div>\n<\/div>","protected":false},"excerpt":{"rendered":"<p>Make the deep black shine of your rims last longer.<\/p>","protected":false},"featured_media":1639,"comment_status":"open","ping_status":"closed","template":"","meta":[],"product_brand":[],"product_cat":[74],"product_tag":[75],"class_list":{"0":"post-1638","1":"product","2":"type-product","3":"status-publish","4":"has-post-thumbnail","6":"product_cat-cuidado-automotriz-armor-all","7":"product_tag-armor-all-cauchos","9":"first","10":"instock","11":"shipping-taxable","12":"purchasable","13":"product-type-simple"},"_links":{"self":[{"href":"https:\/\/benmavial.com\/en\/wp-json\/wp\/v2\/product\/1638","targetHints":{"allow":["GET"]}}],"collection":[{"href":"https:\/\/benmavial.com\/en\/wp-json\/wp\/v2\/product"}],"about":[{"href":"https:\/\/benmavial.com\/en\/wp-json\/wp\/v2\/types\/product"}],"replies":[{"embeddable":true,"href":"https:\/\/benmavial.com\/en\/wp-json\/wp\/v2\/comments?post=1638"}],"wp:featuredmedia":[{"embeddable":true,"href":"https:\/\/benmavial.com\/en\/wp-json\/wp\/v2\/media\/1639"}],"wp:attachment":[{"href":"https:\/\/benmavial.com\/en\/wp-json\/wp\/v2\/media?parent=1638"}],"wp:term":[{"taxonomy":"product_brand","embeddable":true,"href":"https:\/\/benmavial.com\/en\/wp-json\/wp\/v2\/product_brand?post=1638"},{"taxonomy":"product_cat","embeddable":true,"href":"https:\/\/benmavial.com\/en\/wp-json\/wp\/v2\/product_cat?post=1638"},{"taxonomy":"product_tag","embeddable":true,"href":"https:\/\/benmavial.com\/en\/wp-json\/wp\/v2\/product_tag?post=1638"}],"curies":[{"name":"wp","href":"https:\/\/api.w.org\/{rel}","templated":true}]}}