{"id":1656,"date":"2023-04-10T21:17:24","date_gmt":"2023-04-10T21:17:24","guid":{"rendered":"https:\/\/benmavial.com\/?post_type=product&#038;p=1656"},"modified":"2023-04-11T14:15:41","modified_gmt":"2023-04-11T14:15:41","slug":"ceramic-limpiador-vidrios","status":"publish","type":"product","link":"https:\/\/benmavial.com\/en\/product\/ceramic-limpiador-vidrios\/","title":{"rendered":"Ceramic Glass Cleaner"},"content":{"rendered":"<h5 id=\"staticBackdropLabel\" class=\"ml-3 modal-title\">18 oz<\/h5>\n<div class=\"price-block\">Tratamiento de parabrisas crea una barrera protectora para repeler el agua y evitar que los elementos se peguen. R\u00e1pido, f\u00e1cil y extremadamente efectivo.<\/div>\n<div class=\"container\">\n<div class=\"row\">\n<div class=\"col-12\">\n<ul>\n<li>La repelencia al agua de larga duraci\u00f3n hace que el vidrio de su veh\u00edculo sea m\u00e1s f\u00e1cil de limpiar<\/li>\n<li>Crea una barrera protectora invisible usando tecnolog\u00eda basada en SiO2<\/li>\n<li>Ayuda a evitar que la nieve, el hielo, el aguanieve y el roc\u00edo de la carretera se adhieran al vidrio de su autom\u00f3vil<\/li>\n<li>Aerosol r\u00e1pido y f\u00e1cil de usar<\/li>\n<li>El rociador multidireccional brinda una cobertura uniforme en todas las superficies de vidrio exteriores<\/li>\n<\/ul>\n<\/div>\n<\/div>\n<\/div>","protected":false},"excerpt":{"rendered":"<p>Windshield treatment creates a protective barrier to repel water and prevent the elements from sticking.<\/p>","protected":false},"featured_media":1658,"comment_status":"open","ping_status":"closed","template":"","meta":[],"product_brand":[],"product_cat":[74],"product_tag":[77],"class_list":{"0":"post-1656","1":"product","2":"type-product","3":"status-publish","4":"has-post-thumbnail","6":"product_cat-cuidado-automotriz-armor-all","7":"product_tag-armor-all-cuidado-exterior","9":"first","10":"instock","11":"shipping-taxable","12":"purchasable","13":"product-type-simple"},"_links":{"self":[{"href":"https:\/\/benmavial.com\/en\/wp-json\/wp\/v2\/product\/1656","targetHints":{"allow":["GET"]}}],"collection":[{"href":"https:\/\/benmavial.com\/en\/wp-json\/wp\/v2\/product"}],"about":[{"href":"https:\/\/benmavial.com\/en\/wp-json\/wp\/v2\/types\/product"}],"replies":[{"embeddable":true,"href":"https:\/\/benmavial.com\/en\/wp-json\/wp\/v2\/comments?post=1656"}],"wp:featuredmedia":[{"embeddable":true,"href":"https:\/\/benmavial.com\/en\/wp-json\/wp\/v2\/media\/1658"}],"wp:attachment":[{"href":"https:\/\/benmavial.com\/en\/wp-json\/wp\/v2\/media?parent=1656"}],"wp:term":[{"taxonomy":"product_brand","embeddable":true,"href":"https:\/\/benmavial.com\/en\/wp-json\/wp\/v2\/product_brand?post=1656"},{"taxonomy":"product_cat","embeddable":true,"href":"https:\/\/benmavial.com\/en\/wp-json\/wp\/v2\/product_cat?post=1656"},{"taxonomy":"product_tag","embeddable":true,"href":"https:\/\/benmavial.com\/en\/wp-json\/wp\/v2\/product_tag?post=1656"}],"curies":[{"name":"wp","href":"https:\/\/api.w.org\/{rel}","templated":true}]}}