{"id":1659,"date":"2023-04-10T21:19:15","date_gmt":"2023-04-10T21:19:15","guid":{"rendered":"https:\/\/benmavial.com\/?post_type=product&#038;p=1659"},"modified":"2023-04-11T14:15:53","modified_gmt":"2023-04-11T14:15:53","slug":"multiproposito-limpiador-en-spray","status":"publish","type":"product","link":"https:\/\/benmavial.com\/en\/product\/multiproposito-limpiador-en-spray\/","title":{"rendered":"Multipurpose Spray Cleaner"},"content":{"rendered":"<h5 id=\"staticBackdropLabel\" class=\"ml-3 modal-title\">16oz<\/h5>\n<div class=\"price-block\">La f\u00f3rmula meticulosamente equilibrada hace que sea f\u00e1cil darle a su autom\u00f3vil ese aspecto &#8216;simplemente detallado&#8217;. La suciedad y los escombros se eliminan sin da\u00f1ar las superficies del autom\u00f3vil con este limpiador de autom\u00f3viles multiusos. Como l\u00edder en el cuidado de autom\u00f3viles de calidad, nuestros productos est\u00e1n formulados para cumplir con los m\u00e1s altos est\u00e1ndares de los detallistas y propietarios de autos de exhibici\u00f3n, brindando resultados en los que puede confiar.<\/div>\n<div class=\"container\">\n<div class=\"row\">\n<div class=\"col-12\">\n<ul>\n<li>Soluci\u00f3n de limpieza todo en uno para ese aspecto &#8216;reci\u00e9n detallado&#8217;<\/li>\n<li>Efectivo para todo el autom\u00f3vil: tablero, vinilo, tela, alfombra, pl\u00e1stico transparente, consola y m\u00e1s<\/li>\n<li>Elimina f\u00e1cilmente la suciedad, el polvo y la mugre dif\u00edciles<\/li>\n<li>Disponible en 4 fl. onzas, 16 onzas l\u00edquidas oz y esponja<\/li>\n<li>No es necesario comprar productos de limpieza adicionales<\/li>\n<\/ul>\n<\/div>\n<\/div>\n<\/div>","protected":false},"excerpt":{"rendered":"<p>The meticulously balanced formula makes it easy to give your car that 'just detailed' look.<\/p>","protected":false},"featured_media":1664,"comment_status":"open","ping_status":"closed","template":"","meta":[],"product_brand":[],"product_cat":[74],"product_tag":[78],"class_list":{"0":"post-1659","1":"product","2":"type-product","3":"status-publish","4":"has-post-thumbnail","6":"product_cat-cuidado-automotriz-armor-all","7":"product_tag-armor-all-cuidado-interior","9":"first","10":"instock","11":"shipping-taxable","12":"purchasable","13":"product-type-simple"},"_links":{"self":[{"href":"https:\/\/benmavial.com\/en\/wp-json\/wp\/v2\/product\/1659","targetHints":{"allow":["GET"]}}],"collection":[{"href":"https:\/\/benmavial.com\/en\/wp-json\/wp\/v2\/product"}],"about":[{"href":"https:\/\/benmavial.com\/en\/wp-json\/wp\/v2\/types\/product"}],"replies":[{"embeddable":true,"href":"https:\/\/benmavial.com\/en\/wp-json\/wp\/v2\/comments?post=1659"}],"wp:featuredmedia":[{"embeddable":true,"href":"https:\/\/benmavial.com\/en\/wp-json\/wp\/v2\/media\/1664"}],"wp:attachment":[{"href":"https:\/\/benmavial.com\/en\/wp-json\/wp\/v2\/media?parent=1659"}],"wp:term":[{"taxonomy":"product_brand","embeddable":true,"href":"https:\/\/benmavial.com\/en\/wp-json\/wp\/v2\/product_brand?post=1659"},{"taxonomy":"product_cat","embeddable":true,"href":"https:\/\/benmavial.com\/en\/wp-json\/wp\/v2\/product_cat?post=1659"},{"taxonomy":"product_tag","embeddable":true,"href":"https:\/\/benmavial.com\/en\/wp-json\/wp\/v2\/product_tag?post=1659"}],"curies":[{"name":"wp","href":"https:\/\/api.w.org\/{rel}","templated":true}]}}