{"id":1688,"date":"2023-04-10T21:29:02","date_gmt":"2023-04-10T21:29:02","guid":{"rendered":"https:\/\/benmavial.com\/?post_type=product&#038;p=1688"},"modified":"2023-04-11T14:16:58","modified_gmt":"2023-04-11T14:16:58","slug":"detailer-interior-16-oz","status":"publish","type":"product","link":"https:\/\/benmavial.com\/en\/product\/detailer-interior-16-oz\/","title":{"rendered":"Detailer Interior 16 oz"},"content":{"rendered":"<h5 id=\"staticBackdropLabel\" class=\"ml-3 modal-title\">16 oz<\/h5>\n<div class=\"price-block\">Scientifically designed to restore and reveal the natural appearance of your vehicle's surfaces.<\/div>\n<div class=\"container\">\n<div class=\"row\">\n<div class=\"col-12\">\n<p>Este spray limpiador para interiores de autom\u00f3viles es perfecto para limpiar consolas sucias, as\u00ed como telas, vinilos, tableros y m\u00e1s. La limpieza y restauraci\u00f3n de m\u00faltiples superficies de este spray para detalles brinda ese aspecto \u00absimplemente detallado\u00bb para su autom\u00f3vil.<\/p>\n<ul>\n<li>F\u00f3rmula no grasa y sin residuos.<\/li>\n<li>Seguro para superficies de veh\u00edculos.<\/li>\n<li>Aerosol f\u00e1cil de usar<\/li>\n<li>Limpia y restaura con un acabado mate natural.<\/li>\n<\/ul>\n<\/div>\n<\/div>\n<\/div>","protected":false},"excerpt":{"rendered":"<p>Scientifically designed to restore and reveal the natural appearance of your vehicle's surfaces.<\/p>","protected":false},"featured_media":1693,"comment_status":"open","ping_status":"closed","template":"","meta":[],"product_brand":[],"product_cat":[74],"product_tag":[80],"class_list":{"0":"post-1688","1":"product","2":"type-product","3":"status-publish","4":"has-post-thumbnail","6":"product_cat-cuidado-automotriz-armor-all","7":"product_tag-armor-all-protectores","9":"first","10":"instock","11":"shipping-taxable","12":"purchasable","13":"product-type-simple"},"_links":{"self":[{"href":"https:\/\/benmavial.com\/en\/wp-json\/wp\/v2\/product\/1688","targetHints":{"allow":["GET"]}}],"collection":[{"href":"https:\/\/benmavial.com\/en\/wp-json\/wp\/v2\/product"}],"about":[{"href":"https:\/\/benmavial.com\/en\/wp-json\/wp\/v2\/types\/product"}],"replies":[{"embeddable":true,"href":"https:\/\/benmavial.com\/en\/wp-json\/wp\/v2\/comments?post=1688"}],"wp:featuredmedia":[{"embeddable":true,"href":"https:\/\/benmavial.com\/en\/wp-json\/wp\/v2\/media\/1693"}],"wp:attachment":[{"href":"https:\/\/benmavial.com\/en\/wp-json\/wp\/v2\/media?parent=1688"}],"wp:term":[{"taxonomy":"product_brand","embeddable":true,"href":"https:\/\/benmavial.com\/en\/wp-json\/wp\/v2\/product_brand?post=1688"},{"taxonomy":"product_cat","embeddable":true,"href":"https:\/\/benmavial.com\/en\/wp-json\/wp\/v2\/product_cat?post=1688"},{"taxonomy":"product_tag","embeddable":true,"href":"https:\/\/benmavial.com\/en\/wp-json\/wp\/v2\/product_tag?post=1688"}],"curies":[{"name":"wp","href":"https:\/\/api.w.org\/{rel}","templated":true}]}}