{"id":1696,"date":"2023-04-10T21:41:06","date_gmt":"2023-04-10T21:41:06","guid":{"rendered":"https:\/\/benmavial.com\/?post_type=product&#038;p=1696"},"modified":"2023-04-11T14:17:18","modified_gmt":"2023-04-11T14:17:18","slug":"protector-ambientador-wild-berry","status":"publish","type":"product","link":"https:\/\/benmavial.com\/en\/product\/protector-ambientador-wild-berry\/","title":{"rendered":"Wild Berry Air Freshener Protector"},"content":{"rendered":"<h5 id=\"staticBackdropLabel\" class=\"ml-3 modal-title\">16 oz<\/h5>\n<div class=\"price-block\">Protector interior para mantener las superficies de su veh\u00edculo con un aspecto fresco y nuevo. Su autom\u00f3vil puede estar expuesto a la suciedad, la mugre y elementos nocivos como los rayos UV y la oxidaci\u00f3n todos los d\u00edas. En Armor All, ha dise\u00f1ado una f\u00f3rmula patentada Original Protectant para cumplir con los m\u00e1s altos est\u00e1ndares: los suyos. \u00a1Otros productos pueden llamarse a s\u00ed mismos protectant, pero solo uno puede llamarse a s\u00ed mismo Armor All!<\/div>\n<div class=\"container\">\n<div class=\"row\">\n<div class=\"col-12\">\n<ul>\n<li>Limpia la suciedad, el polvo y los escombros del interior de su veh\u00edculo<\/li>\n<li>Nuestro limpiador ayuda a evitar que el pl\u00e1stico y el vinilo de su autom\u00f3vil se agrieten, se decoloren, se decoloren y se envejezcan prematuramente.<\/li>\n<li>Protege el interior y el exterior de su autom\u00f3vil contra los da\u00f1os causados por los rayos UV<\/li>\n<li>Ayuda a renovar y revitalizar el vinilo, el caucho y el pl\u00e1stico.<\/li>\n<li>Tambi\u00e9n puede funcionar en pl\u00e1stico exterior y caucho.<\/li>\n<\/ul>\n<\/div>\n<\/div>\n<\/div>","protected":false},"excerpt":{"rendered":"<p>Interior protector to keep the surfaces of your vehicle looking fresh and new.<\/p>","protected":false},"featured_media":1697,"comment_status":"open","ping_status":"closed","template":"","meta":[],"product_brand":[],"product_cat":[74],"product_tag":[80],"class_list":{"0":"post-1696","1":"product","2":"type-product","3":"status-publish","4":"has-post-thumbnail","6":"product_cat-cuidado-automotriz-armor-all","7":"product_tag-armor-all-protectores","9":"first","10":"instock","11":"shipping-taxable","12":"purchasable","13":"product-type-simple"},"_links":{"self":[{"href":"https:\/\/benmavial.com\/en\/wp-json\/wp\/v2\/product\/1696","targetHints":{"allow":["GET"]}}],"collection":[{"href":"https:\/\/benmavial.com\/en\/wp-json\/wp\/v2\/product"}],"about":[{"href":"https:\/\/benmavial.com\/en\/wp-json\/wp\/v2\/types\/product"}],"replies":[{"embeddable":true,"href":"https:\/\/benmavial.com\/en\/wp-json\/wp\/v2\/comments?post=1696"}],"wp:featuredmedia":[{"embeddable":true,"href":"https:\/\/benmavial.com\/en\/wp-json\/wp\/v2\/media\/1697"}],"wp:attachment":[{"href":"https:\/\/benmavial.com\/en\/wp-json\/wp\/v2\/media?parent=1696"}],"wp:term":[{"taxonomy":"product_brand","embeddable":true,"href":"https:\/\/benmavial.com\/en\/wp-json\/wp\/v2\/product_brand?post=1696"},{"taxonomy":"product_cat","embeddable":true,"href":"https:\/\/benmavial.com\/en\/wp-json\/wp\/v2\/product_cat?post=1696"},{"taxonomy":"product_tag","embeddable":true,"href":"https:\/\/benmavial.com\/en\/wp-json\/wp\/v2\/product_tag?post=1696"}],"curies":[{"name":"wp","href":"https:\/\/api.w.org\/{rel}","templated":true}]}}