{"id":1710,"date":"2023-04-10T21:54:25","date_gmt":"2023-04-10T21:54:25","guid":{"rendered":"https:\/\/benmavial.com\/?post_type=product&#038;p=1710"},"modified":"2023-04-10T21:54:25","modified_gmt":"2023-04-10T21:54:25","slug":"shampoo-lavar-carros-64-oz","status":"publish","type":"product","link":"https:\/\/benmavial.com\/en\/product\/shampoo-lavar-carros-64-oz\/","title":{"rendered":"Car Wash Shampoo 64 oz"},"content":{"rendered":"<h5 id=\"staticBackdropLabel\" class=\"ml-3 modal-title\">64 oz<\/h5>\n<div class=\"price-block\">El delicado acabado de su autom\u00f3vil es demasiado importante como para confiar en productos dom\u00e9sticos como los jabones para platos, que pueden contener tensioactivos agresivos que pueden quitar la protecci\u00f3n contra la cera de su veh\u00edculo. Hemos desarrollado nuestro lavado de autos en una f\u00f3rmula concreta para que sea resistente a la suciedad y la mugre de los autom\u00f3viles y brinde un acabado sin rayas.<\/div>\n<div class=\"container\">\n<div class=\"row\">\n<div class=\"col-12\">\n<p>Como una marca de confianza en el cuidado del autom\u00f3vil, estamos dedicados a crear el mejor lavado de autos para su autom\u00f3vil: lo suficientemente potente como para eliminar las manchas dif\u00edciles pero lo suficientemente suave como para no quitar la cera.<\/p>\n<p>* Elimina la suciedad y la suciedad de la carretera.<\/p>\n<p>* F\u00f3rmula de enjuague limpio para resultados sin manchas y sin rayas.<\/p>\n<p>* No quita la cera, como algunos jabones para platos.<\/p>\n<p>* Seguro para todos los acabados de autom\u00f3viles, incluidas las capas transparentes.<\/p>\n<\/div>\n<\/div>\n<\/div>","protected":false},"excerpt":{"rendered":"<p>The delicate finish of your car is too important to rely on household products such as dish soap.<\/p>","protected":false},"featured_media":1711,"comment_status":"open","ping_status":"closed","template":"","meta":[],"product_brand":[],"product_cat":[74],"product_tag":[81],"class_list":{"0":"post-1710","1":"product","2":"type-product","3":"status-publish","4":"has-post-thumbnail","6":"product_cat-cuidado-automotriz-armor-all","7":"product_tag-armor-all-shampoo","9":"first","10":"instock","11":"shipping-taxable","12":"purchasable","13":"product-type-simple"},"_links":{"self":[{"href":"https:\/\/benmavial.com\/en\/wp-json\/wp\/v2\/product\/1710","targetHints":{"allow":["GET"]}}],"collection":[{"href":"https:\/\/benmavial.com\/en\/wp-json\/wp\/v2\/product"}],"about":[{"href":"https:\/\/benmavial.com\/en\/wp-json\/wp\/v2\/types\/product"}],"replies":[{"embeddable":true,"href":"https:\/\/benmavial.com\/en\/wp-json\/wp\/v2\/comments?post=1710"}],"wp:featuredmedia":[{"embeddable":true,"href":"https:\/\/benmavial.com\/en\/wp-json\/wp\/v2\/media\/1711"}],"wp:attachment":[{"href":"https:\/\/benmavial.com\/en\/wp-json\/wp\/v2\/media?parent=1710"}],"wp:term":[{"taxonomy":"product_brand","embeddable":true,"href":"https:\/\/benmavial.com\/en\/wp-json\/wp\/v2\/product_brand?post=1710"},{"taxonomy":"product_cat","embeddable":true,"href":"https:\/\/benmavial.com\/en\/wp-json\/wp\/v2\/product_cat?post=1710"},{"taxonomy":"product_tag","embeddable":true,"href":"https:\/\/benmavial.com\/en\/wp-json\/wp\/v2\/product_tag?post=1710"}],"curies":[{"name":"wp","href":"https:\/\/api.w.org\/{rel}","templated":true}]}}